{"id":362,"date":"2018-08-19T16:37:21","date_gmt":"2018-08-19T19:37:21","guid":{"rendered":"http:\/\/noz.nu\/cremapet\/?page_id=362"},"modified":"2025-06-09T17:02:17","modified_gmt":"2025-06-09T20:02:17","slug":"planos-cremapet","status":"publish","type":"page","link":"https:\/\/www.cortelpet.com.br\/?page_id=362","title":{"rendered":"Planos"},"content":{"rendered":"<p style=\"text-align: center;\">A crema\u00e7\u00e3o PET n\u00e3o \u00e9 apenas uma escolha, \u00e9 uma demonstra\u00e7\u00e3o de respeito e carinho com aqueles que nos deram muitas alegrias ao longo de suas vidas. Por isso, a CORTEL PET, oferece planos de crema\u00e7\u00e3o para que voc\u00ea deixe essa importante situa\u00e7\u00e3o resolvida e seu PET tenha a despedida respeitosa que merece.<\/p>\n<h2>Fa\u00e7a agora a <b>COMPRA ANTECIPADA<\/b><\/h2>\n","protected":false},"excerpt":{"rendered":"<p>A crema&ccedil;&atilde;o PET n&atilde;o &eacute; apenas uma escolha, &eacute; uma demonstra&ccedil;&atilde;o de respeito e carinho com aqueles que nos deram muitas alegrias ao longo de suas vidas. Por isso, a CORTEL PET, oferece planos de crema&ccedil;&atilde;o para que voc&ecirc; deixe essa importante situa&ccedil;&atilde;o resolvida e seu PET tenha a despedida respeitosa que merece. Fa&ccedil;a agora&#8230;  <a class=\"excerpt-read-more\" href=\"https:\/\/www.cortelpet.com.br\/?page_id=362\" title=\"Read Planos\">Leia mais &raquo;<\/a><\/p>\n","protected":false},"author":1,"featured_media":443,"parent":0,"menu_order":0,"comment_status":"closed","ping_status":"closed","template":"","meta":{"footnotes":""},"class_list":["post-362","page","type-page","status-publish","has-post-thumbnail","hentry"],"_links":{"self":[{"href":"https:\/\/www.cortelpet.com.br\/index.php?rest_route=\/wp\/v2\/pages\/362","targetHints":{"allow":["GET"]}}],"collection":[{"href":"https:\/\/www.cortelpet.com.br\/index.php?rest_route=\/wp\/v2\/pages"}],"about":[{"href":"https:\/\/www.cortelpet.com.br\/index.php?rest_route=\/wp\/v2\/types\/page"}],"author":[{"embeddable":true,"href":"https:\/\/www.cortelpet.com.br\/index.php?rest_route=\/wp\/v2\/users\/1"}],"replies":[{"embeddable":true,"href":"https:\/\/www.cortelpet.com.br\/index.php?rest_route=%2Fwp%2Fv2%2Fcomments&post=362"}],"version-history":[{"count":74,"href":"https:\/\/www.cortelpet.com.br\/index.php?rest_route=\/wp\/v2\/pages\/362\/revisions"}],"predecessor-version":[{"id":1915,"href":"https:\/\/www.cortelpet.com.br\/index.php?rest_route=\/wp\/v2\/pages\/362\/revisions\/1915"}],"wp:featuredmedia":[{"embeddable":true,"href":"https:\/\/www.cortelpet.com.br\/index.php?rest_route=\/wp\/v2\/media\/443"}],"wp:attachment":[{"href":"https:\/\/www.cortelpet.com.br\/index.php?rest_route=%2Fwp%2Fv2%2Fmedia&parent=362"}],"curies":[{"name":"wp","href":"https:\/\/api.w.org\/{rel}","templated":true}]}}